{"id":10,"date":"2016-06-17T13:51:29","date_gmt":"2016-06-17T13:51:29","guid":{"rendered":"http:\/\/jirokumakura.com\/testsite-yakushimaBS\/?page_id=10"},"modified":"2017-07-19T17:36:26","modified_gmt":"2017-07-19T08:36:26","slug":"contact","status":"publish","type":"page","link":"https:\/\/yakushima-tv.com\/fr\/index.php\/contact\/","title":{"rendered":"\u00c0 propos de nous"},"content":{"rendered":"<p><img decoding=\"async\" loading=\"lazy\" class=\"alignnone size-full wp-image-196\" src=\"http:\/\/yakushima-tv.com\/fr\/wp-content\/uploads\/2016\/06\/CT_main_thumb-3.jpg\" alt=\"\" width=\"800\" height=\"527\" srcset=\"https:\/\/yakushima-tv.com\/fr\/wp-content\/uploads\/2016\/06\/CT_main_thumb-3.jpg 800w, https:\/\/yakushima-tv.com\/fr\/wp-content\/uploads\/2016\/06\/CT_main_thumb-3-300x198.jpg 300w, https:\/\/yakushima-tv.com\/fr\/wp-content\/uploads\/2016\/06\/CT_main_thumb-3-768x506.jpg 768w\" sizes=\"(max-width: 800px) 100vw, 800px\" \/><\/p>\n<p>Les th\u00e8mes principaux de Yakushima Heart TV sont la nourriture, l&#8217;habillement et le logement et le pr\u00e9sent et le futur. Ainsi des vid\u00e9os pr\u00e9sentant les attraits de Yakushima sont diffus\u00e9es en japonais mais \u00e9galement en fran\u00e7ais afin que l&#8217;environnement de Yakushima et sa culture puisse toucher les gens dans le monde entier.<\/p>\n<p><span style=\"font-weight: 400;\">Si vous avez des questions sur nos vid\u00e9os, n&#8217;h\u00e9sitez pas \u00e0 nous contacter par email. <\/span><span style=\"font-weight: 400;\">L&#8217;adresse \u00e9lectronique est &#8220;<a href=\"mailto:info@yakushima-tv.com\">info@yakushima-tv.com<\/a>&#8220;.<\/span><\/p>\n","protected":false},"excerpt":{"rendered":"<p>Les th\u00e8mes principaux de Yakushima Heart TV sont la nourriture, l&#8217;habillement et le logement et le pr\u00e9sent et le futur. Ainsi des vid\u00e9os pr\u00e9sentant les attraits de Yakushima sont diffus\u00e9es en japonais mais \u00e9galement en fran\u00e7ais afin que l&#8217;environnement de Yakushima et sa culture puisse toucher les gens dans le monde entier. Si vous avez\u2026<\/p>\n","protected":false},"author":1,"featured_media":153,"parent":0,"menu_order":12,"comment_status":"closed","ping_status":"closed","template":"","meta":[],"_links":{"self":[{"href":"https:\/\/yakushima-tv.com\/fr\/index.php\/wp-json\/wp\/v2\/pages\/10"}],"collection":[{"href":"https:\/\/yakushima-tv.com\/fr\/index.php\/wp-json\/wp\/v2\/pages"}],"about":[{"href":"https:\/\/yakushima-tv.com\/fr\/index.php\/wp-json\/wp\/v2\/types\/page"}],"author":[{"embeddable":true,"href":"https:\/\/yakushima-tv.com\/fr\/index.php\/wp-json\/wp\/v2\/users\/1"}],"replies":[{"embeddable":true,"href":"https:\/\/yakushima-tv.com\/fr\/index.php\/wp-json\/wp\/v2\/comments?post=10"}],"version-history":[{"count":6,"href":"https:\/\/yakushima-tv.com\/fr\/index.php\/wp-json\/wp\/v2\/pages\/10\/revisions"}],"predecessor-version":[{"id":251,"href":"https:\/\/yakushima-tv.com\/fr\/index.php\/wp-json\/wp\/v2\/pages\/10\/revisions\/251"}],"wp:featuredmedia":[{"embeddable":true,"href":"https:\/\/yakushima-tv.com\/fr\/index.php\/wp-json\/"}],"wp:attachment":[{"href":"https:\/\/yakushima-tv.com\/fr\/index.php\/wp-json\/wp\/v2\/media?parent=10"}],"curies":[{"name":"wp","href":"https:\/\/api.w.org\/{rel}","templated":true}]}}